{"id":16006,"date":"2022-01-08T18:44:39","date_gmt":"2022-01-08T17:44:39","guid":{"rendered":"http:\/\/cofitech.com\/?page_id=16006"},"modified":"2026-01-22T14:54:52","modified_gmt":"2026-01-22T13:54:52","slug":"a-propos-de-nous","status":"publish","type":"page","link":"http:\/\/cofitech.com\/index.php\/a-propos-de-nous\/","title":{"rendered":"A Propos de nous"},"content":{"rendered":"<p>[vc_row type=&#8221;full_width_section&#8221; top_padding=&#8221;80&#8243;][vc_column animation=&#8221;fade-in&#8221; column_padding=&#8221;padding-5&#8243; width=&#8221;1\/1&#8243;][vc_column_text css_animation=&#8221;fadeIn&#8221;]<\/p>\n<h2><strong>COFITECH <\/strong>(anciennement Yes-Bags) est une soci\u00e9t\u00e9 dans la maintenance industrielle qui existe depuis 2002.<\/h2>\n<h2>Sp\u00e9cialis\u00e9e dans :<\/h2>\n<h3><strong>I. La fourniture d&#8217;\u00e9quipements industriels<\/strong><\/h3>\n<ul>\n<li>\n<h4>Equipements de manutention, d&#8217;extraction et r\u00e9paration des faisceaux (tubage, retubage, d\u00e9bouchage HP).<\/h4>\n<\/li>\n<li>\n<h4>Equipements de jet d&#8217;eau UHP et le sablage pour le nettoyage industriel et la pr\u00e9paration de surface.<\/h4>\n<\/li>\n<\/ul>\n<h3><strong>II. La prestation de service :<\/strong><\/h3>\n<ul>\n<li>\n<h4>Le nettoyage des \u00e9changeurs de chaleurs et les aerorefrigerants, ainsi que le d\u00e9bouchage de canalisation et pipe.<\/h4>\n<\/li>\n<\/ul>\n<p>[\/vc_column_text][\/vc_column][\/vc_row][vc_row type=&#8221;full_width_section&#8221; top_padding=&#8221;80&#8243; bottom_padding=&#8221;80&#8243;][vc_column animation=&#8221;fade-in&#8221; column_padding=&#8221;padding-5&#8243; width=&#8221;1\/2&#8243;]<div class=\"single_image wpb_content_element align-left  animate   \" data-animation=\"fade-in\" data-delay=\"0\"><img width=\"500\" height=\"461\" src=\"http:\/\/cofitech.com\/wp-content\/uploads\/2025\/05\/COFITECH_SAV_Hydrocureur_maintenance-1-e1747214342721.png\" class=\"attachment-full\" alt=\"\" loading=\"lazy\" srcset=\"http:\/\/cofitech.com\/wp-content\/uploads\/2025\/05\/COFITECH_SAV_Hydrocureur_maintenance-1-e1747214342721.png 500w, http:\/\/cofitech.com\/wp-content\/uploads\/2025\/05\/COFITECH_SAV_Hydrocureur_maintenance-1-e1747214342721-300x277.png 300w\" sizes=\"(max-width: 500px) 100vw, 500px\" \/><\/div>[\/vc_column][vc_column column_padding=&#8221;padding-5&#8243; width=&#8221;1\/2&#8243;][vc_column_text css_animation=&#8221;fadeIn&#8221;]<\/p>\n<h3><strong>COFITECH<\/strong> vous vend plus que du mat\u00e9riel de haute qualit\u00e9 car m\u00eame apr\u00e8s livraison nous assurons le service apr\u00e8s vente afin de consolider la relation de confiance avec nos clients.<\/h3>\n<h3>Nous vous expliquons avec plaisir comment obtenir le meilleur de votre machine, comment \u00e9viter l&#8217;usure et comment maintenir la machine afin de la faire fonctionner aussi longtemps que possible.<\/h3>\n<h3>Notre service vous fait gagner du temps et de l&#8217;argent durant et apr\u00e8s la p\u00e9riode de garantie avec un suivi rigoureux pour l\u2019entretien p\u00e9riodique.<\/h3>\n<h3><strong>COFITECH<\/strong> est dispos\u00e9e \u00e0 vous accompagner et vous assister en vous fournissant toutes les informations n\u00e9cessaires pour faire un meilleur choix (appui technique, projection, s\u00e9ances de travail), pour cela notre service commercial et SAV sont \u00e0 votre enti\u00e8re disposition.<\/h3>\n<p>[\/vc_column_text][\/vc_column][\/vc_row][vc_row][vc_column width=&#8221;1\/1&#8243;]<a href=\"https:\/\/cofitech.com\/index.php\/contact\/\" target=\"_blank\" class=\"button button-appear custom full \" style=\"background-color: #0b578e; border-color: #0b578e;border-radius: 2px;\"><span>Contactez nous <i class='fa sl-call-end'><\/i><\/span><\/a><div class=\"divider divider1\" style='margin:60px 0 60px 0 !important;'><\/div>[\/vc_column][\/vc_row][vc_row type=&#8221;full_width_section&#8221; bg_color=&#8221;#0b578e&#8221; top_padding=&#8221;50&#8243; bottom_padding=&#8221;50&#8243;][vc_column animation=&#8221;fade-in&#8221; text_align=&#8221;center&#8221; width=&#8221;1\/3&#8243;][vc_column_text]<\/p>\n<p style=\"text-align: center;\"><span style=\"color: #ffffff;\"><i class=\"fa fa-map-marker minti-icon\" style=\"color:#ffffff !important; font-size: 13px; margin: 0px 5px 0px 0px\"><\/i>15 rue Guedifi Benali<\/span><br \/>\n<span style=\"color: #ffffff;\">31 000 Oran Alg\u00e9rie<\/span><\/p>\n<p>[\/vc_column_text][\/vc_column][vc_column width=&#8221;1\/3&#8243;][vc_column_text]<\/p>\n<h5 style=\"text-align: center;\"><span style=\"color: #ffffff;\"><i class=\"fa fa-globe minti-icon\" style=\"color:#ffffff !important; font-size: 14px; margin: 0px 5px 0px 0px\"><\/i> https:\/\/www.cofitech.com<\/span><br \/>\n<span style=\"color: #ffffff;\"><i class=\"fa fa-envelope minti-icon\" style=\"color:#ffffff !important; font-size: 14px; margin: 0px 5px 0px 0px\"><\/i> contact@cofitech.com<\/span><\/h5>\n<p>[\/vc_column_text][\/vc_column][vc_column width=&#8221;1\/3&#8243;][vc_column_text]<\/p>\n<h5 style=\"text-align: center;\"><span style=\"color: #ffffff;\"><i class=\"fa fa-mobile-phone minti-icon\" style=\"color:#ffffff !important; font-size: 14px; margin: 0px 5px 0px 0px\"><\/i> +213 (0)560 230 546\u00a0<\/span><br \/>\n<span style=\"color: #ffffff;\"><i class=\"fa fa-phone minti-icon\" style=\"color:#ffffff !important; font-size: 14px; margin: 0px 5px 0px 0px\"><\/i> +213 (0)42 03 67 40<\/span><\/h5>\n<p>[\/vc_column_text][\/vc_column][\/vc_row]<\/p>\n","protected":false},"excerpt":{"rendered":"<p>[vc_row type=&#8221;full_width_section&#8221; top_padding=&#8221;80&#8243;][vc_column animation=&#8221;fade-in&#8221; column_padding=&#8221;padding-5&#8243; width=&#8221;1\/1&#8243;][vc_column_text css_animation=&#8221;fadeIn&#8221;] COFITECH (anciennement Yes-Bags) est une soci\u00e9t\u00e9 dans la maintenance industrielle qui existe depuis 2002. Sp\u00e9cialis\u00e9e dans : I. La fourniture d&#8217;\u00e9quipements industriels Equipements de manutention, d&#8217;extraction et r\u00e9paration des faisceaux (tubage, retubage, d\u00e9bouchage HP). Equipements de jet d&#8217;eau UHP et le sablage pour le nettoyage industriel et la pr\u00e9paration de surface. II. La prestation de service : Le nettoyage des \u00e9changeurs de chaleurs et les aerorefrigerants, ainsi que le d\u00e9bouchage de canalisation et pipe. [\/vc_column_text][\/vc_column][\/vc_row][vc_row type=&#8221;full_width_section&#8221; top_padding=&#8221;80&#8243; bottom_padding=&#8221;80&#8243;][vc_column animation=&#8221;fade-in&#8221; column_padding=&#8221;padding-5&#8243; width=&#8221;1\/2&#8243;][\/vc_column][vc_column column_padding=&#8221;padding-5&#8243; width=&#8221;1\/2&#8243;][vc_column_text css_animation=&#8221;fadeIn&#8221;] COFITECH vous vend plus que du mat\u00e9riel de haute qualit\u00e9 car m\u00eame apr\u00e8s livraison nous assurons le service apr\u00e8s vente afin de consolider la relation de confiance avec nos clients. Nous vous expliquons avec plaisir comment obtenir le meilleur de votre machine, comment \u00e9viter l&#8217;usure et comment maintenir la machine afin de la faire fonctionner aussi longtemps que possible. Notre service vous fait gagner du temps et de l&#8217;argent durant et apr\u00e8s la p\u00e9riode de garantie avec un suivi rigoureux pour l\u2019entretien p\u00e9riodique. COFITECH est dispos\u00e9e \u00e0 vous accompagner et vous assister en vous fournissant toutes les informations n\u00e9cessaires pour faire un meilleur choix (appui technique, projection, s\u00e9ances de [&hellip;]<\/p>\n","protected":false},"author":1,"featured_media":0,"parent":0,"menu_order":0,"comment_status":"closed","ping_status":"closed","template":"","meta":{"om_disable_all_campaigns":false,"_mi_skip_tracking":false,"_monsterinsights_sitenote_active":false,"_monsterinsights_sitenote_note":"","_monsterinsights_sitenote_category":0},"_links":{"self":[{"href":"http:\/\/cofitech.com\/index.php\/wp-json\/wp\/v2\/pages\/16006"}],"collection":[{"href":"http:\/\/cofitech.com\/index.php\/wp-json\/wp\/v2\/pages"}],"about":[{"href":"http:\/\/cofitech.com\/index.php\/wp-json\/wp\/v2\/types\/page"}],"author":[{"embeddable":true,"href":"http:\/\/cofitech.com\/index.php\/wp-json\/wp\/v2\/users\/1"}],"replies":[{"embeddable":true,"href":"http:\/\/cofitech.com\/index.php\/wp-json\/wp\/v2\/comments?post=16006"}],"version-history":[{"count":13,"href":"http:\/\/cofitech.com\/index.php\/wp-json\/wp\/v2\/pages\/16006\/revisions"}],"predecessor-version":[{"id":17132,"href":"http:\/\/cofitech.com\/index.php\/wp-json\/wp\/v2\/pages\/16006\/revisions\/17132"}],"wp:attachment":[{"href":"http:\/\/cofitech.com\/index.php\/wp-json\/wp\/v2\/media?parent=16006"}],"curies":[{"name":"wp","href":"https:\/\/api.w.org\/{rel}","templated":true}]}}