{"id":16883,"date":"2024-06-12T16:39:38","date_gmt":"2024-06-12T14:39:38","guid":{"rendered":"https:\/\/cofitech.com\/?page_id=16883"},"modified":"2024-06-12T16:39:38","modified_gmt":"2024-06-12T14:39:38","slug":"prestation-de-service-sav","status":"publish","type":"page","link":"http:\/\/cofitech.com\/index.php\/prestation-de-service-sav\/","title":{"rendered":"PRESTATION DE SERVICE \/SAV"},"content":{"rendered":"<p>[vc_row][vc_column width=&#8221;1\/1&#8243;]<div class=\"flexslider wpb_content_element\"><ul class=\"slides\"><li><img src=\"http:\/\/cofitech.com\/wp-content\/uploads\/2024\/04\/COFITECH-Nettoyage-echangeur-de-chaleur-1.png\" alt=\"\" \/><\/li><\/ul><\/div><div class=\"spacer\" style=\"height: 50px;\"><\/div>[\/vc_column][\/vc_row][vc_row][vc_column width=&#8221;1\/2&#8243;][vc_column_text css_animation=&#8221;fadeIn&#8221;]<\/p>\n<h5><strong>La SARL COFITECH<\/strong> est sp\u00e9cialis\u00e9e dans la maintenance, l\u2019entretien, la r\u00e9paration, le nettoyage et le d\u00e9bouchage des a\u00e9ror\u00e9frig\u00e9rants et \u00e9changeurs thermiques;<\/h5>\n<h6>L\u2019utilisation de tels \u00e9quipements n\u00e9cessite en parall\u00e8le une maintenance et un entretien p\u00e9riodique afin de minimiser les arr\u00eats et perturbations de la production (\u00e9chauffement, arr\u00eat, retard).<\/h6>\n<h6>Dans ce cadre et comme exemple, notre entreprise a r\u00e9alis\u00e9 avec succ\u00e8s la r\u00e9paration des a\u00e9ror\u00e9frig\u00e9rants \u00a0( dressage des ailettes, nettoyage et d\u00e9graissage des tubes) avec un pr\u00e9visionnel de changement d\u2019habillage avec traitement de la corrosion, r\u00e9sultat (les extracteurs d\u2019air travaillent \u00e0 33%).<\/h6>\n<h6>Nous serions heureux de r\u00e9pondre \u00e0 vos questions et pour voir de pr\u00e8s avec vous les services que nous pouvons vous offrir concernant :<\/h6>\n<ul>\n<li>\n<h6>D\u00e9bouchage et entretien des \u00e9changeurs thermiques. Maintenance et r\u00e9paration des a\u00e9ror\u00e9frig\u00e9rants (Dressage des ailettes, nettoyage, d\u00e9bouchage).<\/h6>\n<\/li>\n<li>\n<h6>Nettoyage et d\u00e9graissage de l\u2019ensemble de la structure.<\/h6>\n<\/li>\n<li>\n<h6>Op\u00e9ration de maintenance industrielle (curative, pr\u00e9ventive et p\u00e9riodique).<\/h6>\n<\/li>\n<li>\n<h6>Autres demandes du client.<\/h6>\n<\/li>\n<\/ul>\n<p>[\/vc_column_text][\/vc_column][vc_column width=&#8221;1\/2&#8243;]<div class=\"single_image wpb_content_element align-left    \" data-animation=\"none\" data-delay=\"0\"><img width=\"500\" height=\"502\" src=\"http:\/\/cofitech.com\/wp-content\/uploads\/2024\/04\/COFITECH-NETTOYAGE-ECHANGEURE-DE-CHALEUR-PEINAMANN-EQUIPMENET-e1712145762151.png\" class=\"attachment-full\" alt=\"\" loading=\"lazy\" srcset=\"http:\/\/cofitech.com\/wp-content\/uploads\/2024\/04\/COFITECH-NETTOYAGE-ECHANGEURE-DE-CHALEUR-PEINAMANN-EQUIPMENET-e1712145762151.png 500w, http:\/\/cofitech.com\/wp-content\/uploads\/2024\/04\/COFITECH-NETTOYAGE-ECHANGEURE-DE-CHALEUR-PEINAMANN-EQUIPMENET-e1712145762151-300x300.png 300w, http:\/\/cofitech.com\/wp-content\/uploads\/2024\/04\/COFITECH-NETTOYAGE-ECHANGEURE-DE-CHALEUR-PEINAMANN-EQUIPMENET-e1712145762151-150x150.png 150w, http:\/\/cofitech.com\/wp-content\/uploads\/2024\/04\/COFITECH-NETTOYAGE-ECHANGEURE-DE-CHALEUR-PEINAMANN-EQUIPMENET-e1712145762151-80x80.png 80w\" sizes=\"(max-width: 500px) 100vw, 500px\" \/><\/div>[\/vc_column][\/vc_row][vc_row][vc_column width=&#8221;1\/1&#8243;]<div class=\"spacer\" style=\"height: 40px;\"><\/div><a href=\"https:\/\/cofitech.com\/index.php\/contact\/\" target=\"_blank\" class=\"button button-appear custom full \" style=\"background-color: #1e73be; border-color: #1e73be;border-radius: 2px;\"><span>Contactez nous <i class='fa sl-call-end'><\/i><\/span><\/a>[\/vc_column][\/vc_row]<\/p>\n","protected":false},"excerpt":{"rendered":"<p>[vc_row][vc_column width=&#8221;1\/1&#8243;][\/vc_column][\/vc_row][vc_row][vc_column width=&#8221;1\/2&#8243;][vc_column_text css_animation=&#8221;fadeIn&#8221;] La SARL COFITECH est sp\u00e9cialis\u00e9e dans la maintenance, l\u2019entretien, la r\u00e9paration, le nettoyage et le d\u00e9bouchage des a\u00e9ror\u00e9frig\u00e9rants et \u00e9changeurs thermiques; L\u2019utilisation de tels \u00e9quipements n\u00e9cessite en parall\u00e8le une maintenance et un entretien p\u00e9riodique afin de minimiser les arr\u00eats et perturbations de la production (\u00e9chauffement, arr\u00eat, retard). Dans ce cadre et comme exemple, notre entreprise a r\u00e9alis\u00e9 avec succ\u00e8s la r\u00e9paration des a\u00e9ror\u00e9frig\u00e9rants \u00a0( dressage des ailettes, nettoyage et d\u00e9graissage des tubes) avec un pr\u00e9visionnel de changement d\u2019habillage avec traitement de la corrosion, r\u00e9sultat (les extracteurs d\u2019air travaillent \u00e0 33%). Nous serions heureux de r\u00e9pondre \u00e0 vos questions et pour voir de pr\u00e8s avec vous les services que nous pouvons vous offrir concernant : D\u00e9bouchage et entretien des \u00e9changeurs thermiques. Maintenance et r\u00e9paration des a\u00e9ror\u00e9frig\u00e9rants (Dressage des ailettes, nettoyage, d\u00e9bouchage). Nettoyage et d\u00e9graissage de l\u2019ensemble de la structure. Op\u00e9ration de maintenance industrielle (curative, pr\u00e9ventive et p\u00e9riodique). Autres demandes du client. [\/vc_column_text][\/vc_column][vc_column width=&#8221;1\/2&#8243;][\/vc_column][\/vc_row][vc_row][vc_column width=&#8221;1\/1&#8243;][\/vc_column][\/vc_row]<\/p>\n","protected":false},"author":3,"featured_media":0,"parent":0,"menu_order":0,"comment_status":"closed","ping_status":"closed","template":"","meta":{"om_disable_all_campaigns":false,"_mi_skip_tracking":false,"_monsterinsights_sitenote_active":false,"_monsterinsights_sitenote_note":"","_monsterinsights_sitenote_category":0},"_links":{"self":[{"href":"http:\/\/cofitech.com\/index.php\/wp-json\/wp\/v2\/pages\/16883"}],"collection":[{"href":"http:\/\/cofitech.com\/index.php\/wp-json\/wp\/v2\/pages"}],"about":[{"href":"http:\/\/cofitech.com\/index.php\/wp-json\/wp\/v2\/types\/page"}],"author":[{"embeddable":true,"href":"http:\/\/cofitech.com\/index.php\/wp-json\/wp\/v2\/users\/3"}],"replies":[{"embeddable":true,"href":"http:\/\/cofitech.com\/index.php\/wp-json\/wp\/v2\/comments?post=16883"}],"version-history":[{"count":15,"href":"http:\/\/cofitech.com\/index.php\/wp-json\/wp\/v2\/pages\/16883\/revisions"}],"predecessor-version":[{"id":16940,"href":"http:\/\/cofitech.com\/index.php\/wp-json\/wp\/v2\/pages\/16883\/revisions\/16940"}],"wp:attachment":[{"href":"http:\/\/cofitech.com\/index.php\/wp-json\/wp\/v2\/media?parent=16883"}],"curies":[{"name":"wp","href":"https:\/\/api.w.org\/{rel}","templated":true}]}}